{"id":3703,"date":"2020-03-21T12:22:03","date_gmt":"2020-03-21T15:22:03","guid":{"rendered":"https:\/\/www.mtostes.com.br\/privacy-policy\/"},"modified":"2020-03-21T12:22:04","modified_gmt":"2020-03-21T15:22:04","slug":"privacy-policy","status":"publish","type":"page","link":"https:\/\/institiucional-fwevekh6deb7evd5.eastus2-01.azurewebsites.net\/en\/privacy-policy\/","title":{"rendered":"PRIVACY POLICY"},"content":{"rendered":"<div class=\"wpb-content-wrapper\"><p>[vc_row][vc_column]<div id=\"ultimate-heading-952169cfeca075fc6\" class=\"uvc-heading ult-adjust-bottom-margin ultimate-heading-952169cfeca075fc6 uvc-775 \" data-hspacer=\"line_only\"  data-halign=\"left\" style=\"text-align:left\"><div class=\"uvc-main-heading ult-responsive\"  data-ultimate-target='.uvc-heading.ultimate-heading-952169cfeca075fc6 h2'  data-responsive-json-new='{\"font-size\":\"desktop:28px;\",\"line-height\":\"desktop:34px;\"}' ><h2 style=\"font-weight:bold;color:#333333;margin-bottom:20px;\"> PRIVACY POLICY<\/h2><\/div><div class=\"uvc-heading-spacer line_only\" style=\"topheight:1px;\"><span class=\"uvc-headings-line\" style=\"border-style:solid;border-bottom-width:1px;border-color:#33a93c;width:150px;\"><\/span><\/div><\/div>[\/vc_column][\/vc_row][vc_row type=&#8221;vc_default&#8221;][vc_column offset=&#8221;vc_col-lg-12 vc_col-md-12 vc_col-xs-12&#8243;][vc_row_inner css=&#8221;.vc_custom_1555161469622{margin-top: 80px !important;}&#8221;][vc_column_inner][vc_empty_space height=&#8221;20&#8243;][vc_column_text]<\/p>\n<h6>Marcelo Tostes Advogados is a limited liability partnership organized under the laws of Brazil. References in this privacy notice to \u201cMarcelo Tostes Advogados\u201d, \u201cMTA\u201d, \u201cwe\u201d or \u201cus\u201d are references to Marcelo Tostes Advogados and our affiliated unities. This privacy notice set out the basis on which Marcelo Tostes Advogados processes your personal data (and any mandated controller\/processor information).<\/h6>\n<h6>Reference in this privacy notice to \u201cpersonal data\u201d means any information that identifies, or could reasonably be used to identify, a living individual, either on its own or together with other information. Our \u201cWebsite\u201d means this website and any other websites of Marcelo Tostes Advogados.<\/h6>\n<h6>Marcelo Tostes Advogados is committed to protecting personal data and respecting your privacy.<\/h6>\n<h5><em>Please read this notice carefully to understand our practices with respect to personal data and how we treat it.<\/em><\/h5>\n<p>[\/vc_column_text][\/vc_column_inner][\/vc_row_inner][\/vc_column][\/vc_row][vc_row][vc_column][vc_empty_space height=&#8221;50&#8243;][vc_tta_accordion style=&#8221;modern&#8221; color=&#8221;green&#8221; spacing=&#8221;5&#8243; gap=&#8221;5&#8243; active_section=&#8221;0&#8243;][vc_tta_section title=&#8221;HOW WE OBTAIN YOUR PERSONAL DATA&#8221; tab_id=&#8221;1584800992998-e9323cab-0cc6&#8243;][vc_column_text]As a law firm, we regularly receive personal data as part of our professional activities. Your personal data may be collected by us in a number of ways, including:<\/p>\n<ul>\n<li>when you request a proposal from us in relation to our services;<\/li>\n<li>as part of our business intake procedures;<\/li>\n<li>through our provision of legal services to you or your organization;<\/li>\n<li>during the course of dealings with you for or on behalf of a client;<\/li>\n<li>when you apply to us for a position;<\/li>\n<li>when you or your organisation offer or provide services to us;<\/li>\n<li>when you browse or interact with our Website or any of our online services;<\/li>\n<li>when you provide information to us by filling in forms on our Website. For example, this includes information provided at the time of registering for newsletters and updates on our Website, subscribing to our services, participating in webinars or requesting further services;<\/li>\n<li>when you provide us with information in relation to your attendance at any of our seminars or other hosted events;<\/li>\n<li>when you complete surveys that we use for research purposes; and<\/li>\n<li>when you contact us for the above and any other reason, we may monitor and keep a record of that correspondence (in whatever form).<\/li>\n<\/ul>\n<p>Ordinarily, we will collect any such personal data directly from you. In some case, however, we may collect personal data from third parties (for example our clients and other professional advisers) or we may collect publicly available information about you or your business (including through electronic data sources).[\/vc_column_text][\/vc_tta_section][vc_tta_section title=&#8221;THE TYPE OF PERSONAL DATA THAT WE COLLECT AND PROCESS&#8221; tab_id=&#8221;1584800993039-1ab9a8b0-6394&#8243;][vc_column_text]We may collect and process a number of different categories of your personal data, including but not limited to the following:<\/p>\n<ul>\n<li>Personal details (such as name, postal address, email address, telephone number, fax and other contact details);<\/li>\n<li>Professional information such as company, title\/function, department and website or, previous jobs, professional experience and qualifications;<\/li>\n<li>Identification and background information provided by you or collected by us as part of our business acceptance processes, subject to applicable laws and regulations;<\/li>\n<li>Financial information, such as bank account details;<\/li>\n<li>Where you provide it, information about your hobbies and interests;<\/li>\n<li>Marketing preferences, areas of interest and information from marketing activities to which you may have responded or in which you may have participated;<\/li>\n<li>Information from any research or surveys conducted by us in which you may have participated;<\/li>\n<li>Details of your visits to our Website including, but not limited to, traffic data, location data, weblogs and other communication data;<\/li>\n<li>Information we receive from other sources, such as publicly available information, and information provided to us by or on behalf of our clients, your employer or other relevant organizations or generated by us in the course of providing our services;<\/li>\n<li>Images captured by our offices\u2019 CCTV cameras, if any.<\/li>\n<\/ul>\n<p>Where necessary and legally permitted or volunteered by you, we may also collect more sensitive data such as diversity and health data, and details of offences and related proceedings. This includes, for example, access and dietary requirements when you attend meeting and events.[\/vc_column_text][\/vc_tta_section][vc_tta_section title=&#8221;HOW WE USE THE PERSONAL DATA WE HOLD&#8221; tab_id=&#8221;1584801234001-9e12b1d3-6467&#8243;][vc_column_text]We may process personal data about you for the following purposes:<\/p>\n<ul>\n<li>to prepare for the entering into a contract with you;<\/li>\n<li>to provide you or a client with our services;<\/li>\n<li>to contact you in the course of providing services to our clients;<\/li>\n<li>to deal with your enquiries and requests;<\/li>\n<li>to provide you with any other information that you request from us;<\/li>\n<li>to consider your application for a position;<\/li>\n<li>to manage our business relationship with you or your organization in connection with the provision or procurement of goods and services, including processing payments, accounting, auditing, billing and collection and related support services;<\/li>\n<li>to manage and secure the access to our offices, systems and online platforms;<\/li>\n<li>to comply with our legal and regulatory obligations and responsibilities, including with respect to anti-money laundering and sanctions checks;<\/li>\n<li>to provide you with information related to our services, and to advise you of news and legal updates, events, reports and other information;<\/li>\n<li>to seek your thoughts and opinions on the services we provide; and<\/li>\n<li>where we have other legitimate reasons for doing so (to the extent permitted by applicable law).<\/li>\n<\/ul>\n<p>If you refuse to provide us with certain information when requested, we may not be able to deal with you and\/or perform any contract we have entered into with you. Alternatively, we may be unable to comply with our legal or regulatory obligations.[\/vc_column_text][\/vc_tta_section][vc_tta_section title=&#8221;MARKETING COMMUNICATIONS&#8221; tab_id=&#8221;1584801362442-16e7508a-e49a&#8221;][vc_column_text]When we collect contact information from you (for example, when you provide us with your business card), we may add your details to our contacts database and to our mailing lists. In all other cases, we will usually inform you (before collecting your information) if we intend to use your information for marketing purposes or if we intend to disclose your information to any third party for such purposes.<\/p>\n<p>You can change your preferences for receiving Marcelo Tostes Advogados event invitations, legal updates, marketing emails and other information from us by clicking on the link provided to \u201cupdate my subscriptions\u201d<strong>\u00a0<\/strong>in a Marcelo Tostes Advogados email.<\/p>\n<p>You also have the right to ask us not to process your personal information for marketing purposes. You can exercise the above right at any time by clicking on the \u201cunsubscribe\u201d link in a Marcelo Tostes Advogados email, by sending us an email at\u00a0<a href=\"mailto:ti@mtostes.com.br\">ti@mtostes.com.br<\/a>.[\/vc_column_text][\/vc_tta_section][vc_tta_section title=&#8221;COOKIES&#8221; tab_id=&#8221;1584801401762-691f5b22-171f&#8221;][vc_column_text]We use cookies (small files which remember a user\u2019s electronic device) to help improve our Website, and improve our services to you, in a variety of different ways.<\/p>\n<p>Any information automatically retrieved from visitors to our Website, such as site browsing patterns, will be used primarily in aggregate form (so that no individual users are identified). This website uses Google Analytics and Google Tag Manager cookies for monitoring overall website usage levels.\u00a0 Please note that you can adjust your browser settings to block the use of cookies, although this may result in some parts of our website and other websites not being available to you. Your web browser may allow you to be notified when you are receiving a cookie, giving you the choice to accept it or not. You can use your browser to determine which type of cookies you have allowed and you can delete existing cookies (usually within your browser&#8217;s Tools, Options or Privacy settings).\u00a0In addition, Google provides a\u00a0<a href=\"https:\/\/tools.google.com\/dlpage\/gaoptout\">Google Analytics Opt-out Add-on<\/a>\u00a0for web browsers, which prevents Google Analytics from collecting information about website visits.[\/vc_column_text][\/vc_tta_section][vc_tta_section title=&#8221;DATA RETENTION&#8221; tab_id=&#8221;1584801445673-1bc902ac-c5f6&#8243;][vc_column_text]We will delete your personal data:<\/p>\n<ul>\n<li>when it is no longer reasonably required to fulfil the purpose for which it was collected; or<\/li>\n<li>when you withdraw your consent (where applicable), provided that we are not legally required or otherwise permitted to continue to hold such data.<\/li>\n<\/ul>\n<p>We may retain your personal data for an additional period to the extent deletion would require us to overwrite our automated disaster recovery backup systems or to the extent we deem it necessary to assert or defend legal claims during any relevant retention period.[\/vc_column_text][\/vc_tta_section][vc_tta_section title=&#8221;HOW WE SHARE PERSONAL DATA&#8221; tab_id=&#8221;1584801490097-a7918ca9-7db0&#8243;][vc_column_text]We provide a list of our offices, together with relevant contact information, that can be found on our Website. Irrespective of how we obtain your personal data, it may be shared among all the offices within Marcelo Tostes Advogados. We will put in place commercially reasonable and appropriate security measures to prevent your personal data from being accidentally lost, used or accessed in an unauthorized way, altered or disclosed. We may also, as set out below, share[\/vc_column_text][\/vc_tta_section][vc_tta_section title=&#8221;DATA SHARING WITH THIRD PARTIES&#8221; tab_id=&#8221;1584801535003-5bae130f-658d&#8221;][vc_column_text]We may share your personal data with third parties where we are required to do so by law or any regulatory authority, where it is necessary to administer the relationship between us or where we have another legitimate interest in doing so.<\/p>\n<p>\u201cThird parties\u201d includes our clients (in the course of providing our services) as well as third party service providers and external agencies that we engage to process information on our and your behalf, including to provide you with information that you have requested (for example IT and data storage services, professional advisory services, word-processing, translation and other administration services, marketing services and banking services). We may also share your personal data with other third parties, for example in the context of the possible sale, merger or other restructuring of any of our businesses.<\/p>\n<p>We may disclose your personal data in order to protect our rights or property or those of our clients or others; and this includes exchanging information with other companies and organizations for the purposes of fraud prevention, compliance with anti-money laundering and \u2018know your client\u2019 requirements, and credit risk reduction.<\/p>\n<p>Where we share or transfer your personal data with third parties, we will do this in accordance with applicable data protection laws and will take appropriate safeguards to ensure its integrity and protection.[\/vc_column_text][\/vc_tta_section][vc_tta_section title=&#8221;KEEPING YOUR PERSONAL DATA SECURE&#8221; tab_id=&#8221;1584801580135-572fad7f-a828&#8243;][vc_column_text]We will put in place commercially reasonable and appropriate security measures to prevent your personal data from being accidentally lost, used or accessed in an unauthorized way, altered or disclosed.\u00a0 We also limit access to your personal data to those employees, agents, third party service providers and other third parties who have a business need to know. They will only process your personal data on our instructions and they are subject to a duty of confidentiality.[\/vc_column_text][\/vc_tta_section][vc_tta_section title=&#8221;THE INTERNET&#8221; tab_id=&#8221;1584801617966-3667b539-a82b&#8221;][vc_column_text]Given that the internet is a global environment, using the internet to collect and process personal data necessarily involves the transmission of information on an international basis. By browsing our Website and communicating electronically with us, you therefore acknowledge and agree to our processing of personal data in this way. The transmission of information via the internet is never completely secure and we accordingly cannot guarantee the security of your information transmitted to our Website; any transmission is at your own risk. Once we have received your information, we will use commercially reasonable and appropriate security measures to prevent your personal data from being accidentally lost, used or accessed in an unauthorized way, altered or disclosed.<\/p>\n<p>Our Website may, from time to time, contain links to other websites which are outside of our control and are not covered by this privacy notice. We do not accept any responsibility or liability for other sites\u2019 privacy notices or policies. If you access other websites using the links provided, please check their policies before submitting any personal data.[\/vc_column_text][\/vc_tta_section][vc_tta_section title=&#8221;YOUR RIGHTS IN CONNECTION WITH YOUR PERSONAL DATA&#8221; tab_id=&#8221;1584801634883-f74cec62-effa&#8221;][vc_column_text]It is important that the personal data we hold about you is accurate and current. Should your personal data change, please notify us of any changes of which we need to be made aware by contacting us, using the contact details below.<\/p>\n<p>As set out above, you can ask us to stop sending you any marketing communications at any time.[\/vc_column_text][\/vc_tta_section][vc_tta_section title=&#8221;CHANGES TO THIS PRIVACY NOTICE&#8221; tab_id=&#8221;1584801699963-fcf8c282-b7ef&#8221;][vc_column_text]We reserve the right to amend this privacy notice from time to time to reflect changing legal requirements or our processing practices. Any such changes will be posted on our Website and will be effective upon posting.[\/vc_column_text][\/vc_tta_section][vc_tta_section title=&#8221;CONTACT&#8221; tab_id=&#8221;1584801735646-e72e9578-90f0&#8243;][vc_column_text]If you have any requests or queries concerning your personal data or any queries with regard to our practices, please contact us at\u00a0<a href=\"mailto:ti@mtostes.com.br\">ti@mtostes.com.br<\/a>. This privacy notice was last updated on March 19, 2020.[\/vc_column_text][\/vc_tta_section][\/vc_tta_accordion][\/vc_column][\/vc_row]<\/p>\n<\/div>","protected":false},"excerpt":{"rendered":"<p>[vc_row][vc_column][\/vc_column][\/vc_row][vc_row type=&#8221;vc_default&#8221;][vc_column offset=&#8221;vc_col-lg-12 vc_col-md-12 vc_col-xs-12&#8243;][vc_row_inner css=&#8221;.vc_custom_1555161469622{margin-top: 80px !important;}&#8221;][vc_column_inner][vc_empty_space height=&#8221;20&#8243;][vc_column_text] Marcelo Tostes Advogados is a limited liability partnership organized under the laws of Brazil. References in this privacy notice to \u201cMarcelo Tostes Advogados\u201d, \u201cMTA\u201d, \u201cwe\u201d or \u201cus\u201d are references to Marcelo Tostes Advogados and our affiliated unities. This privacy notice set out the basis on which&hellip;<\/p>\n","protected":false},"author":2,"featured_media":0,"parent":0,"menu_order":10,"comment_status":"closed","ping_status":"closed","template":"","meta":{"footnotes":""},"class_list":["post-3703","page","type-page","status-publish","hentry","description-off"],"yoast_head":"<!-- This site is optimized with the Yoast SEO plugin v23.7 - https:\/\/yoast.com\/wordpress\/plugins\/seo\/ -->\n<title>PRIVACY POLICY - Marcelo Tostes Advogados<\/title>\n<meta name=\"robots\" content=\"index, follow, max-snippet:-1, max-image-preview:large, max-video-preview:-1\" \/>\n<link rel=\"canonical\" href=\"https:\/\/institiucional-fwevekh6deb7evd5.eastus2-01.azurewebsites.net\/en\/privacy-policy\/\" \/>\n<meta property=\"og:locale\" content=\"en_US\" \/>\n<meta property=\"og:type\" content=\"article\" \/>\n<meta property=\"og:title\" content=\"PRIVACY POLICY - Marcelo Tostes Advogados\" \/>\n<meta property=\"og:description\" content=\"[vc_row][vc_column][\/vc_column][\/vc_row][vc_row type=&#8221;vc_default&#8221;][vc_column offset=&#8221;vc_col-lg-12 vc_col-md-12 vc_col-xs-12&#8243;][vc_row_inner css=&#8221;.vc_custom_1555161469622{margin-top: 80px !important;}&#8221;][vc_column_inner][vc_empty_space height=&#8221;20&#8243;][vc_column_text] Marcelo Tostes Advogados is a limited liability partnership organized under the laws of Brazil. References in this privacy notice to \u201cMarcelo Tostes Advogados\u201d, \u201cMTA\u201d, \u201cwe\u201d or \u201cus\u201d are references to Marcelo Tostes Advogados and our affiliated unities. This privacy notice set out the basis on which&hellip;\" \/>\n<meta property=\"og:url\" content=\"https:\/\/institiucional-fwevekh6deb7evd5.eastus2-01.azurewebsites.net\/en\/privacy-policy\/\" \/>\n<meta property=\"og:site_name\" content=\"Marcelo Tostes Advogados\" \/>\n<meta property=\"article:publisher\" content=\"https:\/\/www.facebook.com\/MTostesAdv\" \/>\n<meta property=\"article:modified_time\" content=\"2020-03-21T15:22:04+00:00\" \/>\n<meta name=\"twitter:card\" content=\"summary_large_image\" \/>\n<meta name=\"twitter:site\" content=\"@MTostes_ADV\" \/>\n<meta name=\"twitter:label1\" content=\"Est. reading time\" \/>\n\t<meta name=\"twitter:data1\" content=\"12 minutes\" \/>\n<script type=\"application\/ld+json\" class=\"yoast-schema-graph\">{\"@context\":\"https:\/\/schema.org\",\"@graph\":[{\"@type\":\"WebPage\",\"@id\":\"https:\/\/institiucional-fwevekh6deb7evd5.eastus2-01.azurewebsites.net\/en\/privacy-policy\/\",\"url\":\"https:\/\/institiucional-fwevekh6deb7evd5.eastus2-01.azurewebsites.net\/en\/privacy-policy\/\",\"name\":\"PRIVACY POLICY - Marcelo Tostes Advogados\",\"isPartOf\":{\"@id\":\"https:\/\/www.mtostes.com.br\/#website\"},\"datePublished\":\"2020-03-21T15:22:03+00:00\",\"dateModified\":\"2020-03-21T15:22:04+00:00\",\"breadcrumb\":{\"@id\":\"https:\/\/institiucional-fwevekh6deb7evd5.eastus2-01.azurewebsites.net\/en\/privacy-policy\/#breadcrumb\"},\"inLanguage\":\"en-US\",\"potentialAction\":[{\"@type\":\"ReadAction\",\"target\":[\"https:\/\/institiucional-fwevekh6deb7evd5.eastus2-01.azurewebsites.net\/en\/privacy-policy\/\"]}]},{\"@type\":\"BreadcrumbList\",\"@id\":\"https:\/\/institiucional-fwevekh6deb7evd5.eastus2-01.azurewebsites.net\/en\/privacy-policy\/#breadcrumb\",\"itemListElement\":[{\"@type\":\"ListItem\",\"position\":1,\"name\":\"Home\",\"item\":\"https:\/\/www.mtostes.com.br\/en\/\"},{\"@type\":\"ListItem\",\"position\":2,\"name\":\"PRIVACY POLICY\"}]},{\"@type\":\"WebSite\",\"@id\":\"https:\/\/www.mtostes.com.br\/#website\",\"url\":\"https:\/\/www.mtostes.com.br\/\",\"name\":\"Marcelo Tostes Advogados\",\"description\":\"Conectando Inova\u00e7\u00e3o e Intelig\u00eancia Jur\u00eddica\",\"potentialAction\":[{\"@type\":\"SearchAction\",\"target\":{\"@type\":\"EntryPoint\",\"urlTemplate\":\"https:\/\/www.mtostes.com.br\/?s={search_term_string}\"},\"query-input\":{\"@type\":\"PropertyValueSpecification\",\"valueRequired\":true,\"valueName\":\"search_term_string\"}}],\"inLanguage\":\"en-US\"}]}<\/script>\n<!-- \/ Yoast SEO plugin. -->","yoast_head_json":{"title":"PRIVACY POLICY - Marcelo Tostes Advogados","robots":{"index":"index","follow":"follow","max-snippet":"max-snippet:-1","max-image-preview":"max-image-preview:large","max-video-preview":"max-video-preview:-1"},"canonical":"https:\/\/institiucional-fwevekh6deb7evd5.eastus2-01.azurewebsites.net\/en\/privacy-policy\/","og_locale":"en_US","og_type":"article","og_title":"PRIVACY POLICY - Marcelo Tostes Advogados","og_description":"[vc_row][vc_column][\/vc_column][\/vc_row][vc_row type=&#8221;vc_default&#8221;][vc_column offset=&#8221;vc_col-lg-12 vc_col-md-12 vc_col-xs-12&#8243;][vc_row_inner css=&#8221;.vc_custom_1555161469622{margin-top: 80px !important;}&#8221;][vc_column_inner][vc_empty_space height=&#8221;20&#8243;][vc_column_text] Marcelo Tostes Advogados is a limited liability partnership organized under the laws of Brazil. References in this privacy notice to \u201cMarcelo Tostes Advogados\u201d, \u201cMTA\u201d, \u201cwe\u201d or \u201cus\u201d are references to Marcelo Tostes Advogados and our affiliated unities. This privacy notice set out the basis on which&hellip;","og_url":"https:\/\/institiucional-fwevekh6deb7evd5.eastus2-01.azurewebsites.net\/en\/privacy-policy\/","og_site_name":"Marcelo Tostes Advogados","article_publisher":"https:\/\/www.facebook.com\/MTostesAdv","article_modified_time":"2020-03-21T15:22:04+00:00","twitter_card":"summary_large_image","twitter_site":"@MTostes_ADV","twitter_misc":{"Est. reading time":"12 minutes"},"schema":{"@context":"https:\/\/schema.org","@graph":[{"@type":"WebPage","@id":"https:\/\/institiucional-fwevekh6deb7evd5.eastus2-01.azurewebsites.net\/en\/privacy-policy\/","url":"https:\/\/institiucional-fwevekh6deb7evd5.eastus2-01.azurewebsites.net\/en\/privacy-policy\/","name":"PRIVACY POLICY - Marcelo Tostes Advogados","isPartOf":{"@id":"https:\/\/www.mtostes.com.br\/#website"},"datePublished":"2020-03-21T15:22:03+00:00","dateModified":"2020-03-21T15:22:04+00:00","breadcrumb":{"@id":"https:\/\/institiucional-fwevekh6deb7evd5.eastus2-01.azurewebsites.net\/en\/privacy-policy\/#breadcrumb"},"inLanguage":"en-US","potentialAction":[{"@type":"ReadAction","target":["https:\/\/institiucional-fwevekh6deb7evd5.eastus2-01.azurewebsites.net\/en\/privacy-policy\/"]}]},{"@type":"BreadcrumbList","@id":"https:\/\/institiucional-fwevekh6deb7evd5.eastus2-01.azurewebsites.net\/en\/privacy-policy\/#breadcrumb","itemListElement":[{"@type":"ListItem","position":1,"name":"Home","item":"https:\/\/www.mtostes.com.br\/en\/"},{"@type":"ListItem","position":2,"name":"PRIVACY POLICY"}]},{"@type":"WebSite","@id":"https:\/\/www.mtostes.com.br\/#website","url":"https:\/\/www.mtostes.com.br\/","name":"Marcelo Tostes Advogados","description":"Conectando Inova\u00e7\u00e3o e Intelig\u00eancia Jur\u00eddica","potentialAction":[{"@type":"SearchAction","target":{"@type":"EntryPoint","urlTemplate":"https:\/\/www.mtostes.com.br\/?s={search_term_string}"},"query-input":{"@type":"PropertyValueSpecification","valueRequired":true,"valueName":"search_term_string"}}],"inLanguage":"en-US"}]}},"_links":{"self":[{"href":"https:\/\/institiucional-fwevekh6deb7evd5.eastus2-01.azurewebsites.net\/en\/wp-json\/wp\/v2\/pages\/3703","targetHints":{"allow":["GET"]}}],"collection":[{"href":"https:\/\/institiucional-fwevekh6deb7evd5.eastus2-01.azurewebsites.net\/en\/wp-json\/wp\/v2\/pages"}],"about":[{"href":"https:\/\/institiucional-fwevekh6deb7evd5.eastus2-01.azurewebsites.net\/en\/wp-json\/wp\/v2\/types\/page"}],"author":[{"embeddable":true,"href":"https:\/\/institiucional-fwevekh6deb7evd5.eastus2-01.azurewebsites.net\/en\/wp-json\/wp\/v2\/users\/2"}],"replies":[{"embeddable":true,"href":"https:\/\/institiucional-fwevekh6deb7evd5.eastus2-01.azurewebsites.net\/en\/wp-json\/wp\/v2\/comments?post=3703"}],"version-history":[{"count":1,"href":"https:\/\/institiucional-fwevekh6deb7evd5.eastus2-01.azurewebsites.net\/en\/wp-json\/wp\/v2\/pages\/3703\/revisions"}],"predecessor-version":[{"id":3704,"href":"https:\/\/institiucional-fwevekh6deb7evd5.eastus2-01.azurewebsites.net\/en\/wp-json\/wp\/v2\/pages\/3703\/revisions\/3704"}],"wp:attachment":[{"href":"https:\/\/institiucional-fwevekh6deb7evd5.eastus2-01.azurewebsites.net\/en\/wp-json\/wp\/v2\/media?parent=3703"}],"curies":[{"name":"wp","href":"https:\/\/api.w.org\/{rel}","templated":true}]}}