{"id":2611,"date":"2019-06-17T09:51:17","date_gmt":"2019-06-17T12:51:17","guid":{"rendered":"http:\/\/www.mtostes.com.br\/publications\/"},"modified":"2019-06-18T17:11:18","modified_gmt":"2019-06-18T20:11:18","slug":"publications","status":"publish","type":"page","link":"https:\/\/institiucional-fwevekh6deb7evd5.eastus2-01.azurewebsites.net\/en\/publications\/","title":{"rendered":"PUBLICATIONS"},"content":{"rendered":"<div class=\"wpb-content-wrapper\"><p>[vc_row][vc_column width=&#8221;1\/3&#8243;]<div id=\"ultimate-heading-72669d10161b8a4f\" class=\"uvc-heading ult-adjust-bottom-margin ultimate-heading-72669d10161b8a4f uvc-6051 \" data-hspacer=\"line_only\"  data-halign=\"left\" style=\"text-align:left\"><div class=\"uvc-main-heading ult-responsive\"  data-ultimate-target='.uvc-heading.ultimate-heading-72669d10161b8a4f h2'  data-responsive-json-new='{\"font-size\":\"desktop:28px;\",\"line-height\":\"desktop:34px;\"}' ><h2 style=\"font-weight:bold;color:#333333;margin-bottom:20px;\">PUBLICATIONS<\/h2><\/div><div class=\"uvc-heading-spacer line_only\" style=\"topheight:1px;\"><span class=\"uvc-headings-line\" style=\"border-style:solid;border-bottom-width:1px;border-color:#33a93c;width:150px;\"><\/span><\/div><\/div>[\/vc_column][vc_column width=&#8221;2\/3&#8243;][\/vc_column][\/vc_row][vc_row css=&#8221;.vc_custom_1556901746099{margin-top: 50px !important;margin-bottom: 50px !important;}&#8221;][vc_column][vc_column_text]<\/p>\n<h5>Marcelo Tostes Advogados juiridical intelligence is recognized by the most relevant national and international specialized juridical media.<\/h5>\n<h6>On this section you can find specialized content produced by our firm\u2019s professionals. You can also access our themed publications and watch our institutional presentation.<\/h6>\n<p>&nbsp;[\/vc_column_text][\/vc_column][\/vc_row][vc_row][vc_column][vc_empty_space height=&#8221;50&#8243;][\/vc_column][\/vc_row]<\/p>\n<\/div>","protected":false},"excerpt":{"rendered":"<p>[vc_row][vc_column width=&#8221;1\/3&#8243;][\/vc_column][vc_column width=&#8221;2\/3&#8243;][\/vc_column][\/vc_row][vc_row css=&#8221;.vc_custom_1556901746099{margin-top: 50px !important;margin-bottom: 50px !important;}&#8221;][vc_column][vc_column_text] Marcelo Tostes Advogados juiridical intelligence is recognized by the most relevant national and international specialized juridical media. On this section you can find specialized content produced by our firm\u2019s professionals. You can also access our themed publications and watch our institutional presentation. &nbsp;[\/vc_column_text][\/vc_column][\/vc_row][vc_row][vc_column][vc_empty_space height=&#8221;50&#8243;][\/vc_column][\/vc_row]<\/p>\n","protected":false},"author":1,"featured_media":0,"parent":0,"menu_order":10,"comment_status":"closed","ping_status":"closed","template":"","meta":{"footnotes":""},"class_list":["post-2611","page","type-page","status-publish","hentry","description-off"],"yoast_head":"<!-- This site is optimized with the Yoast SEO plugin v23.7 - https:\/\/yoast.com\/wordpress\/plugins\/seo\/ -->\n<title>PUBLICATIONS - Marcelo Tostes Advogados<\/title>\n<meta name=\"robots\" content=\"index, follow, max-snippet:-1, max-image-preview:large, max-video-preview:-1\" \/>\n<link rel=\"canonical\" href=\"https:\/\/institiucional-fwevekh6deb7evd5.eastus2-01.azurewebsites.net\/en\/publications\/\" \/>\n<meta property=\"og:locale\" content=\"en_US\" \/>\n<meta property=\"og:type\" content=\"article\" \/>\n<meta property=\"og:title\" content=\"PUBLICATIONS - Marcelo Tostes Advogados\" \/>\n<meta property=\"og:description\" content=\"[vc_row][vc_column width=&#8221;1\/3&#8243;][\/vc_column][vc_column width=&#8221;2\/3&#8243;][\/vc_column][\/vc_row][vc_row css=&#8221;.vc_custom_1556901746099{margin-top: 50px !important;margin-bottom: 50px !important;}&#8221;][vc_column][vc_column_text] Marcelo Tostes Advogados juiridical intelligence is recognized by the most relevant national and international specialized juridical media. On this section you can find specialized content produced by our firm\u2019s professionals. You can also access our themed publications and watch our institutional presentation. &nbsp;[\/vc_column_text][\/vc_column][\/vc_row][vc_row][vc_column][vc_empty_space height=&#8221;50&#8243;][\/vc_column][\/vc_row]\" \/>\n<meta property=\"og:url\" content=\"https:\/\/institiucional-fwevekh6deb7evd5.eastus2-01.azurewebsites.net\/en\/publications\/\" \/>\n<meta property=\"og:site_name\" content=\"Marcelo Tostes Advogados\" \/>\n<meta property=\"article:publisher\" content=\"https:\/\/www.facebook.com\/MTostesAdv\" \/>\n<meta property=\"article:modified_time\" content=\"2019-06-18T20:11:18+00:00\" \/>\n<meta name=\"twitter:card\" content=\"summary_large_image\" \/>\n<meta name=\"twitter:site\" content=\"@MTostes_ADV\" \/>\n<meta name=\"twitter:label1\" content=\"Est. reading time\" \/>\n\t<meta name=\"twitter:data1\" content=\"1 minute\" \/>\n<script type=\"application\/ld+json\" class=\"yoast-schema-graph\">{\"@context\":\"https:\/\/schema.org\",\"@graph\":[{\"@type\":\"WebPage\",\"@id\":\"https:\/\/institiucional-fwevekh6deb7evd5.eastus2-01.azurewebsites.net\/en\/publications\/\",\"url\":\"https:\/\/institiucional-fwevekh6deb7evd5.eastus2-01.azurewebsites.net\/en\/publications\/\",\"name\":\"PUBLICATIONS - Marcelo Tostes Advogados\",\"isPartOf\":{\"@id\":\"https:\/\/www.mtostes.com.br\/#website\"},\"datePublished\":\"2019-06-17T12:51:17+00:00\",\"dateModified\":\"2019-06-18T20:11:18+00:00\",\"breadcrumb\":{\"@id\":\"https:\/\/institiucional-fwevekh6deb7evd5.eastus2-01.azurewebsites.net\/en\/publications\/#breadcrumb\"},\"inLanguage\":\"en-US\",\"potentialAction\":[{\"@type\":\"ReadAction\",\"target\":[\"https:\/\/institiucional-fwevekh6deb7evd5.eastus2-01.azurewebsites.net\/en\/publications\/\"]}]},{\"@type\":\"BreadcrumbList\",\"@id\":\"https:\/\/institiucional-fwevekh6deb7evd5.eastus2-01.azurewebsites.net\/en\/publications\/#breadcrumb\",\"itemListElement\":[{\"@type\":\"ListItem\",\"position\":1,\"name\":\"Home\",\"item\":\"https:\/\/www.mtostes.com.br\/en\/\"},{\"@type\":\"ListItem\",\"position\":2,\"name\":\"PUBLICATIONS\"}]},{\"@type\":\"WebSite\",\"@id\":\"https:\/\/www.mtostes.com.br\/#website\",\"url\":\"https:\/\/www.mtostes.com.br\/\",\"name\":\"Marcelo Tostes Advogados\",\"description\":\"Conectando Inova\u00e7\u00e3o e Intelig\u00eancia Jur\u00eddica\",\"potentialAction\":[{\"@type\":\"SearchAction\",\"target\":{\"@type\":\"EntryPoint\",\"urlTemplate\":\"https:\/\/www.mtostes.com.br\/?s={search_term_string}\"},\"query-input\":{\"@type\":\"PropertyValueSpecification\",\"valueRequired\":true,\"valueName\":\"search_term_string\"}}],\"inLanguage\":\"en-US\"}]}<\/script>\n<!-- \/ Yoast SEO plugin. -->","yoast_head_json":{"title":"PUBLICATIONS - Marcelo Tostes Advogados","robots":{"index":"index","follow":"follow","max-snippet":"max-snippet:-1","max-image-preview":"max-image-preview:large","max-video-preview":"max-video-preview:-1"},"canonical":"https:\/\/institiucional-fwevekh6deb7evd5.eastus2-01.azurewebsites.net\/en\/publications\/","og_locale":"en_US","og_type":"article","og_title":"PUBLICATIONS - Marcelo Tostes Advogados","og_description":"[vc_row][vc_column width=&#8221;1\/3&#8243;][\/vc_column][vc_column width=&#8221;2\/3&#8243;][\/vc_column][\/vc_row][vc_row css=&#8221;.vc_custom_1556901746099{margin-top: 50px !important;margin-bottom: 50px !important;}&#8221;][vc_column][vc_column_text] Marcelo Tostes Advogados juiridical intelligence is recognized by the most relevant national and international specialized juridical media. On this section you can find specialized content produced by our firm\u2019s professionals. You can also access our themed publications and watch our institutional presentation. &nbsp;[\/vc_column_text][\/vc_column][\/vc_row][vc_row][vc_column][vc_empty_space height=&#8221;50&#8243;][\/vc_column][\/vc_row]","og_url":"https:\/\/institiucional-fwevekh6deb7evd5.eastus2-01.azurewebsites.net\/en\/publications\/","og_site_name":"Marcelo Tostes Advogados","article_publisher":"https:\/\/www.facebook.com\/MTostesAdv","article_modified_time":"2019-06-18T20:11:18+00:00","twitter_card":"summary_large_image","twitter_site":"@MTostes_ADV","twitter_misc":{"Est. reading time":"1 minute"},"schema":{"@context":"https:\/\/schema.org","@graph":[{"@type":"WebPage","@id":"https:\/\/institiucional-fwevekh6deb7evd5.eastus2-01.azurewebsites.net\/en\/publications\/","url":"https:\/\/institiucional-fwevekh6deb7evd5.eastus2-01.azurewebsites.net\/en\/publications\/","name":"PUBLICATIONS - Marcelo Tostes Advogados","isPartOf":{"@id":"https:\/\/www.mtostes.com.br\/#website"},"datePublished":"2019-06-17T12:51:17+00:00","dateModified":"2019-06-18T20:11:18+00:00","breadcrumb":{"@id":"https:\/\/institiucional-fwevekh6deb7evd5.eastus2-01.azurewebsites.net\/en\/publications\/#breadcrumb"},"inLanguage":"en-US","potentialAction":[{"@type":"ReadAction","target":["https:\/\/institiucional-fwevekh6deb7evd5.eastus2-01.azurewebsites.net\/en\/publications\/"]}]},{"@type":"BreadcrumbList","@id":"https:\/\/institiucional-fwevekh6deb7evd5.eastus2-01.azurewebsites.net\/en\/publications\/#breadcrumb","itemListElement":[{"@type":"ListItem","position":1,"name":"Home","item":"https:\/\/www.mtostes.com.br\/en\/"},{"@type":"ListItem","position":2,"name":"PUBLICATIONS"}]},{"@type":"WebSite","@id":"https:\/\/www.mtostes.com.br\/#website","url":"https:\/\/www.mtostes.com.br\/","name":"Marcelo Tostes Advogados","description":"Conectando Inova\u00e7\u00e3o e Intelig\u00eancia Jur\u00eddica","potentialAction":[{"@type":"SearchAction","target":{"@type":"EntryPoint","urlTemplate":"https:\/\/www.mtostes.com.br\/?s={search_term_string}"},"query-input":{"@type":"PropertyValueSpecification","valueRequired":true,"valueName":"search_term_string"}}],"inLanguage":"en-US"}]}},"_links":{"self":[{"href":"https:\/\/institiucional-fwevekh6deb7evd5.eastus2-01.azurewebsites.net\/en\/wp-json\/wp\/v2\/pages\/2611","targetHints":{"allow":["GET"]}}],"collection":[{"href":"https:\/\/institiucional-fwevekh6deb7evd5.eastus2-01.azurewebsites.net\/en\/wp-json\/wp\/v2\/pages"}],"about":[{"href":"https:\/\/institiucional-fwevekh6deb7evd5.eastus2-01.azurewebsites.net\/en\/wp-json\/wp\/v2\/types\/page"}],"author":[{"embeddable":true,"href":"https:\/\/institiucional-fwevekh6deb7evd5.eastus2-01.azurewebsites.net\/en\/wp-json\/wp\/v2\/users\/1"}],"replies":[{"embeddable":true,"href":"https:\/\/institiucional-fwevekh6deb7evd5.eastus2-01.azurewebsites.net\/en\/wp-json\/wp\/v2\/comments?post=2611"}],"version-history":[{"count":1,"href":"https:\/\/institiucional-fwevekh6deb7evd5.eastus2-01.azurewebsites.net\/en\/wp-json\/wp\/v2\/pages\/2611\/revisions"}],"predecessor-version":[{"id":2612,"href":"https:\/\/institiucional-fwevekh6deb7evd5.eastus2-01.azurewebsites.net\/en\/wp-json\/wp\/v2\/pages\/2611\/revisions\/2612"}],"wp:attachment":[{"href":"https:\/\/institiucional-fwevekh6deb7evd5.eastus2-01.azurewebsites.net\/en\/wp-json\/wp\/v2\/media?parent=2611"}],"curies":[{"name":"wp","href":"https:\/\/api.w.org\/{rel}","templated":true}]}}