{"id":2577,"date":"2019-06-14T16:13:09","date_gmt":"2019-06-14T19:13:09","guid":{"rendered":"http:\/\/www.mtostes.com.br\/?page_id=2577"},"modified":"2023-05-25T15:14:14","modified_gmt":"2023-05-25T18:14:14","slug":"contact","status":"publish","type":"page","link":"https:\/\/institiucional-fwevekh6deb7evd5.eastus2-01.azurewebsites.net\/en\/contact\/","title":{"rendered":"CONTACT"},"content":{"rendered":"<div class=\"wpb-content-wrapper\"><p>[vc_row][vc_column width=&#8221;1\/3&#8243;]<div id=\"ultimate-heading-548769d1016590fa2\" class=\"uvc-heading ult-adjust-bottom-margin ultimate-heading-548769d1016590fa2 uvc-1899 \" data-hspacer=\"line_only\"  data-halign=\"left\" style=\"text-align:left\"><div class=\"uvc-main-heading ult-responsive\"  data-ultimate-target='.uvc-heading.ultimate-heading-548769d1016590fa2 h2'  data-responsive-json-new='{\"font-size\":\"desktop:28px;\",\"line-height\":\"desktop:34px;\"}' ><h2 style=\"font-weight:bold;color:#333333;margin-bottom:20px;\">Contact Us<\/h2><\/div><div class=\"uvc-heading-spacer line_only\" style=\"topheight:1px;\"><span class=\"uvc-headings-line\" style=\"border-style:solid;border-bottom-width:1px;border-color:#33a93c;width:150px;\"><\/span><\/div><\/div>[\/vc_column][vc_column width=&#8221;2\/3&#8243;][\/vc_column][\/vc_row][vc_row][vc_column width=&#8221;2\/3&#8243;][vc_empty_space height=&#8221;50&#8243;][vc_column_text]<\/p>\n<h6>Marcelo Tostes Law Firm welcomes you and your company. Please send your message to<br \/>\nour e-mail address or contact one of our regional offices.<\/h6>\n<p>[\/vc_column_text][vc_empty_space height=&#8221;30&#8243;][vc_column_text]<\/p>\n<div class=\"caldera-grid\" id=\"caldera_form_1\" data-cf-ver=\"1.9.5\" data-cf-form-id=\"CF5d03f3d0d8156\"><div id=\"caldera_notices_1\" data-spinner=\"https:\/\/institiucional-fwevekh6deb7evd5.eastus2-01.azurewebsites.net\/wp-admin\/images\/spinner.gif\"><\/div><form data-instance=\"1\" class=\"CF5d03f3d0d8156 caldera_forms_form cfajax-trigger\" method=\"POST\" enctype=\"multipart\/form-data\" id=\"CF5d03f3d0d8156_1\" data-form-id=\"CF5d03f3d0d8156\" aria-label=\"Fale Conosco - eng\" data-target=\"#caldera_notices_1\" data-template=\"#cfajax_CF5d03f3d0d8156-tmpl\" data-cfajax=\"CF5d03f3d0d8156\" data-load-element=\"_parent\" data-load-class=\"cf_processing\" data-post-disable=\"0\" data-action=\"cf_process_ajax_submit\" data-request=\"https:\/\/institiucional-fwevekh6deb7evd5.eastus2-01.azurewebsites.net\/en\/\/cf-api\/CF5d03f3d0d8156\" data-hiderows=\"true\">\r\n<input type=\"hidden\" id=\"_cf_verify_CF5d03f3d0d8156\" name=\"_cf_verify\" value=\"f38b30d967\"  data-nonce-time=\"1775305061\" \/><input type=\"hidden\" name=\"_wp_http_referer\" value=\"\/en\/wp-json\/wp\/v2\/pages\/2577\" \/><div id=\"cf2-CF5d03f3d0d8156_1\"><\/div><input type=\"hidden\" name=\"_cf_frm_id\" value=\"CF5d03f3d0d8156\">\r\n<input type=\"hidden\" name=\"_cf_frm_ct\" value=\"1\">\r\n<input type=\"hidden\" name=\"cfajax\" value=\"CF5d03f3d0d8156\">\r\n<input type=\"hidden\" name=\"_cf_cr_pst\" value=\"2577\">\r\n<div class=\"hide\" style=\"display:none; overflow:hidden;height:0;width:0;\">\r\n<label>Web Site<\/label><input type=\"text\" name=\"web_site\" value=\"\" autocomplete=\"off\">\r\n<\/div><div id=\"CF5d03f3d0d8156_1-row-1\"  class=\"row  first_row\"><div  class=\"col-sm-6  first_col\"><div data-field-wrapper=\"fld_9331684\" class=\"form-group\" id=\"fld_9331684_1-wrap\">\r\n\t<label id=\"fld_9331684Label\" for=\"fld_9331684_1\" class=\"control-label\">Name <span aria-hidden=\"true\" role=\"presentation\" class=\"field_required\" style=\"color:#ee0000;\">*<\/span><\/label>\r\n\t<div class=\"\">\r\n\t\t<input   required type=\"text\" data-field=\"fld_9331684\" class=\" form-control\" id=\"fld_9331684_1\" name=\"fld_9331684\" value=\"\" data-type=\"text\" aria-required=\"true\"   aria-labelledby=\"fld_9331684Label\" >\t\t\t<\/div>\r\n<\/div>\r\n<\/div><div  class=\"col-sm-6  last_col\"><div data-field-wrapper=\"fld_2869894\" class=\"form-group\" id=\"fld_2869894_1-wrap\">\r\n\t<label id=\"fld_2869894Label\" for=\"fld_2869894_1\" class=\"control-label\">E-mail <span aria-hidden=\"true\" role=\"presentation\" class=\"field_required\" style=\"color:#ee0000;\">*<\/span><\/label>\r\n\t<div class=\"\">\r\n\t\t<input   required type=\"email\" data-field=\"fld_2869894\" class=\" form-control\" id=\"fld_2869894_1\" name=\"fld_2869894\" value=\"\" data-type=\"email\" aria-required=\"true\"   aria-labelledby=\"fld_2869894Label\" >\t\t\t<\/div>\r\n<\/div>\r\n<\/div><\/div><div id=\"CF5d03f3d0d8156_1-row-2\"  class=\"row \"><div  class=\"col-sm-12  single\"><div data-field-wrapper=\"fld_2317500\" class=\"form-group\" id=\"fld_2317500_1-wrap\">\r\n\t<label id=\"fld_2317500Label\" for=\"fld_2317500_1\" class=\"control-label\">Subject <span aria-hidden=\"true\" role=\"presentation\" class=\"field_required\" style=\"color:#ee0000;\">*<\/span><\/label>\r\n\t<div class=\"\">\r\n\t\t<input   required type=\"text\" data-field=\"fld_2317500\" class=\" form-control\" id=\"fld_2317500_1\" name=\"fld_2317500\" value=\"\" data-type=\"text\" aria-required=\"true\"   aria-labelledby=\"fld_2317500Label\" >\t\t\t<\/div>\r\n<\/div>\r\n<\/div><\/div><div id=\"CF5d03f3d0d8156_1-row-3\"  class=\"row \"><div  class=\"col-sm-12  single\"><div data-field-wrapper=\"fld_6806651\" class=\"form-group\" id=\"fld_6806651_1-wrap\">\r\n\t<label id=\"fld_6806651Label\" for=\"fld_6806651_1\" class=\"control-label\">Message <span aria-hidden=\"true\" role=\"presentation\" class=\"field_required\" style=\"color:#ee0000;\">*<\/span><\/label>\r\n\t<div class=\"\">\r\n\t\t<textarea name=\"fld_6806651\" value=\"\" data-field=\"fld_6806651\" class=\"form-control\" id=\"fld_6806651_1\" rows=\"4\"  required=\"required\"  aria-labelledby=\"fld_6806651Label\" ><\/textarea>\n\t\t\t<\/div>\r\n<\/div>\r\n<\/div><\/div><div id=\"CF5d03f3d0d8156_1-row-4\"  class=\"row  last_row\"><div  class=\"col-sm-12  single\"><hr id=\"fld_9831321_1\" class=\"\" style=\"width: 100%\" \/><div data-field-wrapper=\"fld_8387029\" class=\"form-group\" id=\"fld_8387029_1-wrap\">\r\n<div class=\"\">\r\n\t<input  class=\"btn btn-default\" type=\"submit\" name=\"fld_8387029\" id=\"fld_8387029_1\" value=\"Send\" data-field=\"fld_8387029\"  >\n<\/div>\r\n<\/div>\r\n\t<input class=\"button_trigger_1\" type=\"hidden\" name=\"fld_8387029\" id=\"fld_8387029_1_btn\" value=\"\" data-field=\"fld_8387029\"  \/>\n<\/div><\/div><\/form>\r\n<\/div>\r\n\n<p>[\/vc_column_text][\/vc_column][vc_column width=&#8221;1\/3&#8243;][\/vc_column][\/vc_row]<\/p>\n<\/div>","protected":false},"excerpt":{"rendered":"<p>[vc_row][vc_column width=&#8221;1\/3&#8243;][\/vc_column][vc_column width=&#8221;2\/3&#8243;][\/vc_column][\/vc_row][vc_row][vc_column width=&#8221;2\/3&#8243;][vc_empty_space height=&#8221;50&#8243;][vc_column_text] Marcelo Tostes Law Firm welcomes you and your company. Please send your message to our e-mail address or contact one of our regional offices. [\/vc_column_text][vc_empty_space height=&#8221;30&#8243;][vc_column_text] [\/vc_column_text][\/vc_column][vc_column width=&#8221;1\/3&#8243;][\/vc_column][\/vc_row]<\/p>\n","protected":false},"author":1,"featured_media":0,"parent":0,"menu_order":10,"comment_status":"closed","ping_status":"closed","template":"","meta":{"footnotes":""},"class_list":["post-2577","page","type-page","status-publish","hentry","description-off"],"yoast_head":"<!-- This site is optimized with the Yoast SEO plugin v23.7 - https:\/\/yoast.com\/wordpress\/plugins\/seo\/ -->\n<title>CONTACT - Marcelo Tostes Advogados<\/title>\n<meta name=\"robots\" content=\"index, follow, max-snippet:-1, max-image-preview:large, max-video-preview:-1\" \/>\n<link rel=\"canonical\" href=\"https:\/\/institiucional-fwevekh6deb7evd5.eastus2-01.azurewebsites.net\/en\/contact\/\" \/>\n<meta property=\"og:locale\" content=\"en_US\" \/>\n<meta property=\"og:type\" content=\"article\" \/>\n<meta property=\"og:title\" content=\"CONTACT - Marcelo Tostes Advogados\" \/>\n<meta property=\"og:description\" content=\"[vc_row][vc_column width=&#8221;1\/3&#8243;][\/vc_column][vc_column width=&#8221;2\/3&#8243;][\/vc_column][\/vc_row][vc_row][vc_column width=&#8221;2\/3&#8243;][vc_empty_space height=&#8221;50&#8243;][vc_column_text] Marcelo Tostes Law Firm welcomes you and your company. Please send your message to our e-mail address or contact one of our regional offices. [\/vc_column_text][vc_empty_space height=&#8221;30&#8243;][vc_column_text] [\/vc_column_text][\/vc_column][vc_column width=&#8221;1\/3&#8243;][\/vc_column][\/vc_row]\" \/>\n<meta property=\"og:url\" content=\"https:\/\/institiucional-fwevekh6deb7evd5.eastus2-01.azurewebsites.net\/en\/contact\/\" \/>\n<meta property=\"og:site_name\" content=\"Marcelo Tostes Advogados\" \/>\n<meta property=\"article:publisher\" content=\"https:\/\/www.facebook.com\/MTostesAdv\" \/>\n<meta property=\"article:modified_time\" content=\"2023-05-25T18:14:14+00:00\" \/>\n<meta name=\"twitter:card\" content=\"summary_large_image\" \/>\n<meta name=\"twitter:site\" content=\"@MTostes_ADV\" \/>\n<meta name=\"twitter:label1\" content=\"Est. reading time\" \/>\n\t<meta name=\"twitter:data1\" content=\"1 minute\" \/>\n<script type=\"application\/ld+json\" class=\"yoast-schema-graph\">{\"@context\":\"https:\/\/schema.org\",\"@graph\":[{\"@type\":\"WebPage\",\"@id\":\"https:\/\/institiucional-fwevekh6deb7evd5.eastus2-01.azurewebsites.net\/en\/contact\/\",\"url\":\"https:\/\/institiucional-fwevekh6deb7evd5.eastus2-01.azurewebsites.net\/en\/contact\/\",\"name\":\"CONTACT - Marcelo Tostes Advogados\",\"isPartOf\":{\"@id\":\"https:\/\/www.mtostes.com.br\/#website\"},\"datePublished\":\"2019-06-14T19:13:09+00:00\",\"dateModified\":\"2023-05-25T18:14:14+00:00\",\"breadcrumb\":{\"@id\":\"https:\/\/institiucional-fwevekh6deb7evd5.eastus2-01.azurewebsites.net\/en\/contact\/#breadcrumb\"},\"inLanguage\":\"en-US\",\"potentialAction\":[{\"@type\":\"ReadAction\",\"target\":[\"https:\/\/institiucional-fwevekh6deb7evd5.eastus2-01.azurewebsites.net\/en\/contact\/\"]}]},{\"@type\":\"BreadcrumbList\",\"@id\":\"https:\/\/institiucional-fwevekh6deb7evd5.eastus2-01.azurewebsites.net\/en\/contact\/#breadcrumb\",\"itemListElement\":[{\"@type\":\"ListItem\",\"position\":1,\"name\":\"Home\",\"item\":\"https:\/\/www.mtostes.com.br\/en\/\"},{\"@type\":\"ListItem\",\"position\":2,\"name\":\"CONTACT\"}]},{\"@type\":\"WebSite\",\"@id\":\"https:\/\/www.mtostes.com.br\/#website\",\"url\":\"https:\/\/www.mtostes.com.br\/\",\"name\":\"Marcelo Tostes Advogados\",\"description\":\"Conectando Inova\u00e7\u00e3o e Intelig\u00eancia Jur\u00eddica\",\"potentialAction\":[{\"@type\":\"SearchAction\",\"target\":{\"@type\":\"EntryPoint\",\"urlTemplate\":\"https:\/\/www.mtostes.com.br\/?s={search_term_string}\"},\"query-input\":{\"@type\":\"PropertyValueSpecification\",\"valueRequired\":true,\"valueName\":\"search_term_string\"}}],\"inLanguage\":\"en-US\"}]}<\/script>\n<!-- \/ Yoast SEO plugin. -->","yoast_head_json":{"title":"CONTACT - Marcelo Tostes Advogados","robots":{"index":"index","follow":"follow","max-snippet":"max-snippet:-1","max-image-preview":"max-image-preview:large","max-video-preview":"max-video-preview:-1"},"canonical":"https:\/\/institiucional-fwevekh6deb7evd5.eastus2-01.azurewebsites.net\/en\/contact\/","og_locale":"en_US","og_type":"article","og_title":"CONTACT - Marcelo Tostes Advogados","og_description":"[vc_row][vc_column width=&#8221;1\/3&#8243;][\/vc_column][vc_column width=&#8221;2\/3&#8243;][\/vc_column][\/vc_row][vc_row][vc_column width=&#8221;2\/3&#8243;][vc_empty_space height=&#8221;50&#8243;][vc_column_text] Marcelo Tostes Law Firm welcomes you and your company. Please send your message to our e-mail address or contact one of our regional offices. [\/vc_column_text][vc_empty_space height=&#8221;30&#8243;][vc_column_text] [\/vc_column_text][\/vc_column][vc_column width=&#8221;1\/3&#8243;][\/vc_column][\/vc_row]","og_url":"https:\/\/institiucional-fwevekh6deb7evd5.eastus2-01.azurewebsites.net\/en\/contact\/","og_site_name":"Marcelo Tostes Advogados","article_publisher":"https:\/\/www.facebook.com\/MTostesAdv","article_modified_time":"2023-05-25T18:14:14+00:00","twitter_card":"summary_large_image","twitter_site":"@MTostes_ADV","twitter_misc":{"Est. reading time":"1 minute"},"schema":{"@context":"https:\/\/schema.org","@graph":[{"@type":"WebPage","@id":"https:\/\/institiucional-fwevekh6deb7evd5.eastus2-01.azurewebsites.net\/en\/contact\/","url":"https:\/\/institiucional-fwevekh6deb7evd5.eastus2-01.azurewebsites.net\/en\/contact\/","name":"CONTACT - Marcelo Tostes Advogados","isPartOf":{"@id":"https:\/\/www.mtostes.com.br\/#website"},"datePublished":"2019-06-14T19:13:09+00:00","dateModified":"2023-05-25T18:14:14+00:00","breadcrumb":{"@id":"https:\/\/institiucional-fwevekh6deb7evd5.eastus2-01.azurewebsites.net\/en\/contact\/#breadcrumb"},"inLanguage":"en-US","potentialAction":[{"@type":"ReadAction","target":["https:\/\/institiucional-fwevekh6deb7evd5.eastus2-01.azurewebsites.net\/en\/contact\/"]}]},{"@type":"BreadcrumbList","@id":"https:\/\/institiucional-fwevekh6deb7evd5.eastus2-01.azurewebsites.net\/en\/contact\/#breadcrumb","itemListElement":[{"@type":"ListItem","position":1,"name":"Home","item":"https:\/\/www.mtostes.com.br\/en\/"},{"@type":"ListItem","position":2,"name":"CONTACT"}]},{"@type":"WebSite","@id":"https:\/\/www.mtostes.com.br\/#website","url":"https:\/\/www.mtostes.com.br\/","name":"Marcelo Tostes Advogados","description":"Conectando Inova\u00e7\u00e3o e Intelig\u00eancia Jur\u00eddica","potentialAction":[{"@type":"SearchAction","target":{"@type":"EntryPoint","urlTemplate":"https:\/\/www.mtostes.com.br\/?s={search_term_string}"},"query-input":{"@type":"PropertyValueSpecification","valueRequired":true,"valueName":"search_term_string"}}],"inLanguage":"en-US"}]}},"_links":{"self":[{"href":"https:\/\/institiucional-fwevekh6deb7evd5.eastus2-01.azurewebsites.net\/en\/wp-json\/wp\/v2\/pages\/2577","targetHints":{"allow":["GET"]}}],"collection":[{"href":"https:\/\/institiucional-fwevekh6deb7evd5.eastus2-01.azurewebsites.net\/en\/wp-json\/wp\/v2\/pages"}],"about":[{"href":"https:\/\/institiucional-fwevekh6deb7evd5.eastus2-01.azurewebsites.net\/en\/wp-json\/wp\/v2\/types\/page"}],"author":[{"embeddable":true,"href":"https:\/\/institiucional-fwevekh6deb7evd5.eastus2-01.azurewebsites.net\/en\/wp-json\/wp\/v2\/users\/1"}],"replies":[{"embeddable":true,"href":"https:\/\/institiucional-fwevekh6deb7evd5.eastus2-01.azurewebsites.net\/en\/wp-json\/wp\/v2\/comments?post=2577"}],"version-history":[{"count":7,"href":"https:\/\/institiucional-fwevekh6deb7evd5.eastus2-01.azurewebsites.net\/en\/wp-json\/wp\/v2\/pages\/2577\/revisions"}],"predecessor-version":[{"id":7112,"href":"https:\/\/institiucional-fwevekh6deb7evd5.eastus2-01.azurewebsites.net\/en\/wp-json\/wp\/v2\/pages\/2577\/revisions\/7112"}],"wp:attachment":[{"href":"https:\/\/institiucional-fwevekh6deb7evd5.eastus2-01.azurewebsites.net\/en\/wp-json\/wp\/v2\/media?parent=2577"}],"curies":[{"name":"wp","href":"https:\/\/api.w.org\/{rel}","templated":true}]}}